{"id":241,"date":"2024-09-06T21:18:08","date_gmt":"2024-09-06T19:18:08","guid":{"rendered":"https:\/\/cdasexologue.fr\/?page_id=241"},"modified":"2024-10-22T14:02:03","modified_gmt":"2024-10-22T12:02:03","slug":"mes-condition-generales-dutilisation","status":"publish","type":"page","link":"https:\/\/cdasexologue.fr\/index.php\/mes-condition-generales-dutilisation\/","title":{"rendered":"Mes conditions g\u00e9n\u00e9rales d&rsquo;utilisation"},"content":{"rendered":"<div data-colibri-id=\"241-c1\" class=\"style-417 style-local-241-c1 position-relative\">\n  <!---->\n  <div data-colibri-component=\"section\" data-colibri-id=\"241-c2\" id=\"initial-content\" class=\"h-section h-section-global-spacing d-flex align-items-lg-center align-items-md-center align-items-center style-418 style-local-241-c2 position-relative\">\n    <!---->\n    <!---->\n    <div class=\"h-section-grid-container h-section-boxed-container\">\n      <!---->\n      <div data-colibri-id=\"241-c3\" class=\"h-row-container gutters-row-lg-2 gutters-row-md-2 gutters-row-0 gutters-row-v-lg-2 gutters-row-v-md-2 gutters-row-v-2 style-423 style-local-241-c3 position-relative\">\n        <!---->\n        <div class=\"h-row justify-content-lg-center justify-content-md-center justify-content-center align-items-lg-stretch align-items-md-stretch align-items-stretch gutters-col-lg-2 gutters-col-md-2 gutters-col-0 gutters-col-v-lg-2 gutters-col-v-md-2 gutters-col-v-2\">\n          <!---->\n          <div class=\"h-column h-column-container d-flex h-col-lg-auto h-col-md-auto h-col-auto style-424-outer style-local-241-c4-outer\">\n            <div data-colibri-id=\"241-c4\" class=\"d-flex h-flex-basis h-column__inner h-px-lg-2 h-px-md-2 h-px-2 v-inner-lg-2 v-inner-md-2 v-inner-2 style-424 style-local-241-c4 position-relative\">\n              <!---->\n              <!---->\n              <div class=\"w-100 h-y-container h-column__content h-column__v-align flex-basis-100 align-self-lg-start align-self-md-start align-self-start\">\n                <!---->\n                <div data-colibri-id=\"241-c5\" class=\"h-global-transition-all h-heading style-425 style-local-241-c5 position-relative h-element\">\n                  <!---->\n                  <div class=\"h-heading__outer style-425 style-local-241-c5\">\n                    <!---->\n                    <!---->\n                    <h2 class=\"\">Mes conditions g\u00e9n\u00e9rales d&rsquo;utilisation<\/h2>\n                  <\/div>\n                <\/div>\n              <\/div>\n            <\/div>\n          <\/div>\n        <\/div>\n      <\/div>\n      <div data-colibri-id=\"241-c6\" class=\"h-row-container gutters-row-lg-2 gutters-row-md-2 gutters-row-0 gutters-row-v-lg-2 gutters-row-v-md-2 gutters-row-v-2 style-419 style-local-241-c6 position-relative\">\n        <!---->\n        <div class=\"h-row justify-content-lg-center justify-content-md-center justify-content-center align-items-lg-stretch align-items-md-stretch align-items-stretch gutters-col-lg-2 gutters-col-md-2 gutters-col-0 gutters-col-v-lg-2 gutters-col-v-md-2 gutters-col-v-2\">\n          <!---->\n          <div class=\"h-column h-column-container d-flex h-col-lg-auto h-col-md-auto h-col-auto style-420-outer style-local-241-c7-outer\">\n            <div data-colibri-id=\"241-c7\" class=\"d-flex h-flex-basis h-column__inner h-px-lg-2 h-px-md-2 h-px-2 v-inner-lg-2 v-inner-md-2 v-inner-2 style-420 style-local-241-c7 position-relative\">\n              <!---->\n              <!---->\n              <div class=\"w-100 h-y-container h-column__content h-column__v-align flex-basis-100 align-self-lg-start align-self-md-start align-self-start\">\n                <!---->\n                <div data-colibri-id=\"241-c8\" class=\"h-text h-text-component style-422 style-local-241-c8 position-relative h-element\">\n                  <!---->\n                  <!---->\n                  <div class=\"\">\n                    <p>\u00b7&nbsp;&nbsp;&nbsp;&nbsp;&nbsp;&nbsp;&nbsp;&nbsp;Responsable du site&nbsp;: Claire Duval-Arnould<\/p>\n                    <p>\u00b7&nbsp;&nbsp;&nbsp;&nbsp;&nbsp;&nbsp;&nbsp;&nbsp;Le praticien est responsable du contenu r\u00e9dactionnel du pr\u00e9sent site.<\/p>\n                    <p>\u00b7&nbsp;&nbsp;&nbsp;&nbsp;&nbsp;&nbsp;&nbsp;&nbsp;N\u00b0 de siren de Claire Duval-Arnould&nbsp;: 931418834<\/p>\n                    <p>\u00b7&nbsp;&nbsp;&nbsp;&nbsp;&nbsp;&nbsp;&nbsp;&nbsp;Le site internet est h\u00e9berg\u00e9 par OVH \u2013 2 rue Kellermann \u2013 59100 Roubaix \u2013 France<\/p>\n                    <p>\u00b7&nbsp;&nbsp;&nbsp;&nbsp;&nbsp;&nbsp;&nbsp;&nbsp;Les textes sont r\u00e9dig\u00e9s par des sp\u00e9cialistes du sujet.<\/p>\n                    <p>\u00b7&nbsp;&nbsp;&nbsp;&nbsp;&nbsp;&nbsp;&nbsp;&nbsp;Site internet r\u00e9alis\u00e9 par le responsable sur site sur WordPress \u2013 60 29th Street #343 \u2013 San Francisco, CA 94110 \u2013 USA<\/p>\n                    <p><strong>Dispositions relatives \u00e0 la propri\u00e9t\u00e9 intellectuelle<\/strong><\/p>\n                    <p>Toutes les informations disponibles sur le site rel\u00e8vent de la propri\u00e9t\u00e9 de l\u2019\u00e9diteur et sont prot\u00e9g\u00e9s par le droit de la propri\u00e9t\u00e9 intellectuelle et plus particuli\u00e8rement le droit d\u2019auteur.<\/p>\n                    <p>Les informations figurant sur le site sont uniquement disponibles \u00e0 des fins de consultation par les utilisateurs, \u00e0 d\u00e9faut d\u2019un accord pr\u00e9alable et expr\u00e8s.<\/p>\n                    <p>Toute utilisation totale ou partielle du site ou de son contenu, par quelque proc\u00e9d\u00e9 que ce soit ou sur quelque support que ce soit, \u00e0 des fins commerciales ou publicitaires, est interdite et engage la responsabilit\u00e9 de l\u2019utilisateur.<\/p>\n                    <p>De m\u00eame, toute reproduction ou repr\u00e9sentation du site en partie ou en totalit\u00e9 est interdite sans l&rsquo;accord \u00e9crit de&nbsp;<strong><em>Claire Duval-Arnould<\/em><\/strong>&nbsp;et constituerait une contrefa\u00e7on sanctionn\u00e9e par les articles\n                      L. 335-2 et suivants du Code de la Propri\u00e9t\u00e9 Intellectuelle.<\/p>\n                    <p><strong>En cas de r\u00e9clamation<\/strong><\/p>\n                    <p>Le consommateur peut saisir le m\u00e9diateur dans un d\u00e9lai maximum d\u2019un an \u00e0 partir de la date de sa r\u00e9clamation \u00e9crite au professionnel. Le recours \u00e0 la m\u00e9diation est gratuit pour le consommateur.<\/p>\n                    <p>Conform\u00e9ment \u00e0 l&rsquo;article L. 612-1 du Code de la consommation, le consommateur, sous r\u00e9serve de l&rsquo;article L.612.2 du code de la consommation, a la facult\u00e9 d&rsquo;introduire une demande de r\u00e9solution amiable par voie de m\u00e9diation, dans un\n                      d\u00e9lai inf\u00e9rieur \u00e0 un an \u00e0 compter de sa r\u00e9clamation \u00e9crite aupr\u00e8s du professionnel.<\/p>\n                    <p>DUVAL-ARNOULD CLAIRE EI a d\u00e9sign\u00e9, par adh\u00e9sion enregistr\u00e9e sous le num\u00e9ro 53719\/VM\/2410 la SAS M\u00e9diation Solution comme entit\u00e9 de m\u00e9diation de la consommation.<\/p>\n                    <p>Pour saisir le m\u00e9diateur, le consommateur doit formuler sa demande :<\/p>\n                    <p>&#8211; Soit par \u00e9crit \u00e0 : Sas M\u00e9diation Solution &#8211; 222 chemin de la bergerie 01800 Saint Jean de Niost<\/p>\n                    <p>&#8211; Soit par mail \u00e0 : contact@sasmediationsolution-conso.fr<\/p>\n                    <p>&#8211; Soit en remplissant le formulaire en ligne intitul\u00e9 \u00ab Saisir le m\u00e9diateur \u00bb sur le site https:\/\/www.sasmediationsolution-conso.fr<\/p>\n                    <p>Quel que soit le moyen de saisine utilis\u00e9, la demande doit imp\u00e9rativement contenir :<\/p>\n                    <p>&#8211; Les coordonn\u00e9es postales, t\u00e9l\u00e9phoniques et \u00e9lectroniques du demandeur,<\/p>\n                    <p>&#8211; Le nom, l&rsquo;adresse et le num\u00e9ro d&rsquo;enregistrement chez Sas M\u00e9diation Solution, du professionnel concern\u00e9,<\/p>\n                    <p>&#8211; Un expos\u00e9 succinct des faits,<\/p>\n                    <p>&#8211; Copie de la r\u00e9clamation pr\u00e9alable,<\/p>\n                    <p>&#8211; Tous documents permettant l&rsquo;instruction de la demande (bon de commande, facture, justificatif de paiement, etc.)<\/p>\n                    <p><strong>Traitement des donn\u00e9es personnelles<\/strong>\n                      <br> Les donn\u00e9es collect\u00e9es sur ce site internet, lorsque que vous envoyez une demande sont les champs du formulaire. Exemples : nom, pr\u00e9nom, t\u00e9l\u00e9phone, adresse physique et \u00e9lectronique, profession, d\u00e9tail de la demande,&#8230;<\/p>\n                    <p>Le responsable du site utilisera uniquement les donn\u00e9es que vous avez transmises pour r\u00e9pondre \u00e0 votre demande. Il est responsable du traitement de ces donn\u00e9es \u00e0 caract\u00e8re personnel.\n                      <br> Les donn\u00e9es seront conserv\u00e9es pendant 3 ans au plus.\n                      <br> Les donn\u00e9es ne seront pas communiqu\u00e9es \u00e0 des tiers.\n                      <br> Vous pouvez demander de corriger ou d&rsquo;effacer vos donn\u00e9es personnelles en envoyant un mail ou via le formulaire de contact du site en pr\u00e9cisant \u00ab\u00a0Traitement des donn\u00e9es personnelles\u00a0\u00bb.\n                      <br> Dans le corps du mail, vous devrez pr\u00e9ciser votre nom, pr\u00e9nom, votre adresse mail, ainsi que le d\u00e9tail de votre demande.<\/p>\n                    <p>Nous vous invitons \u00e0 contacter le responsable du site si vous pensez que vos donn\u00e9es personnelles n\u2019ont pas \u00e9t\u00e9 trait\u00e9es correctement ou si nous n&rsquo;avons pas satisfaits \u00e0 vos exigences.<\/p>\n                    <p><strong>Les Cookies<\/strong><\/p>\n                    <p>Les cookies sont de petits fichiers textes qui sont enregistr\u00e9s temporairement sur votre ordinateur ou votre t\u00e9l\u00e9phone mobile lorsque vous visitez un site web. Ils sont g\u00e9n\u00e9ralement utilis\u00e9s pour faire fonctionner des sites Internet\n                      ou am\u00e9liorer l\u2019efficacit\u00e9 de leur fonctionnement. Les cookies aident les sites Internet \u00e0 reconna\u00eetre votre appareil et \u00e0 retenir les informations relatives \u00e0 votre visite (par ex. votre langue pr\u00e9f\u00e9rentielle, police privil\u00e9gi\u00e9e\n                      et autres pr\u00e9f\u00e9rences). La plupart des navigateurs Internet sont configur\u00e9s pour accepter les cookies, mais vous pouvez modifier cette configuration pour refuser les cookies ou \u00eatre alert\u00e9 lorsqu&rsquo;un cookie est envoy\u00e9. Notez toutefois\n                      que certaines parties de nos Sites Internet pourraient ne pas fonctionner correctement si vous refusez les cookies.<\/p>\n                    <p>Nous n\u2019utilisons pas les cookies pour vous suivre ou vous identifier personnellement, mais pour faciliter la navigation sur le site internet.<\/p>\n                    <p>La plupart des navigateurs vous permettent de g\u00e9rer vos pr\u00e9f\u00e9rences en mati\u00e8re de cookies en changeant les param\u00e8tres de votre navigateur. Si vous acceptez nos cookies mais souhaitez par la suite retirer votre consentement, vous pouvez\n                      d\u00e9sactiver tous les cookies d\u00e9j\u00e0 pr\u00e9sents sur votre ordinateur et modifier les param\u00e8tres de votre navigateur pour les bloquer \u00e0 l\u2019avenir. Veuillez consulter la fonction \u00ab Aide \u00bb de votre navigateur pour plus de pr\u00e9cisions.<\/p>\n                  <\/div>\n                <\/div>\n              <\/div>\n            <\/div>\n          <\/div>\n        <\/div>\n      <\/div>\n    <\/div>\n  <\/div>\n<\/div>","protected":false},"excerpt":{"rendered":"<p>Mes conditions g\u00e9n\u00e9rales d&rsquo;utilisation \u00b7&nbsp;&nbsp;&nbsp;&nbsp;&nbsp;&nbsp;&nbsp;&nbsp;Responsable du site&nbsp;: Claire Duval-Arnould \u00b7&nbsp;&nbsp;&nbsp;&nbsp;&nbsp;&nbsp;&nbsp;&nbsp;Le praticien est responsable du contenu r\u00e9dactionnel du pr\u00e9sent site. \u00b7&nbsp;&nbsp;&nbsp;&nbsp;&nbsp;&nbsp;&nbsp;&nbsp;N\u00b0 de siren de Claire Duval-Arnould&nbsp;: 931418834 \u00b7&nbsp;&nbsp;&nbsp;&nbsp;&nbsp;&nbsp;&nbsp;&nbsp;Le site internet est h\u00e9berg\u00e9 par OVH \u2013 2 rue Kellermann \u2013 59100 Roubaix \u2013 France \u00b7&nbsp;&nbsp;&nbsp;&nbsp;&nbsp;&nbsp;&nbsp;&nbsp;Les textes sont r\u00e9dig\u00e9s par des sp\u00e9cialistes du sujet. \u00b7&nbsp;&nbsp;&nbsp;&nbsp;&nbsp;&nbsp;&nbsp;&nbsp;Site internet r\u00e9alis\u00e9 par [&hellip;]<\/p>\n","protected":false},"author":1,"featured_media":0,"parent":0,"menu_order":0,"comment_status":"closed","ping_status":"closed","template":"page-templates\/full-width-page.php","meta":{"footnotes":""},"class_list":["post-241","page","type-page","status-publish","hentry"],"yoast_head":"<!-- This site is optimized with the Yoast SEO plugin v27.4 - https:\/\/yoast.com\/product\/yoast-seo-wordpress\/ -->\n<title>Mes conditions g\u00e9n\u00e9rales d&#039;utilisation - CDA Sexologue<\/title>\n<meta name=\"robots\" content=\"index, follow, max-snippet:-1, max-image-preview:large, max-video-preview:-1\" \/>\n<link rel=\"canonical\" href=\"https:\/\/cdasexologue.fr\/index.php\/mes-condition-generales-dutilisation\/\" \/>\n<meta property=\"og:locale\" content=\"fr_FR\" \/>\n<meta property=\"og:type\" content=\"article\" \/>\n<meta property=\"og:title\" content=\"Mes conditions g\u00e9n\u00e9rales d&#039;utilisation - CDA Sexologue\" \/>\n<meta property=\"og:description\" content=\"Mes conditions g\u00e9n\u00e9rales d&rsquo;utilisation \u00b7&nbsp;&nbsp;&nbsp;&nbsp;&nbsp;&nbsp;&nbsp;&nbsp;Responsable du site&nbsp;: Claire Duval-Arnould \u00b7&nbsp;&nbsp;&nbsp;&nbsp;&nbsp;&nbsp;&nbsp;&nbsp;Le praticien est responsable du contenu r\u00e9dactionnel du pr\u00e9sent site. \u00b7&nbsp;&nbsp;&nbsp;&nbsp;&nbsp;&nbsp;&nbsp;&nbsp;N\u00b0 de siren de Claire Duval-Arnould&nbsp;: 931418834 \u00b7&nbsp;&nbsp;&nbsp;&nbsp;&nbsp;&nbsp;&nbsp;&nbsp;Le site internet est h\u00e9berg\u00e9 par OVH \u2013 2 rue Kellermann \u2013 59100 Roubaix \u2013 France \u00b7&nbsp;&nbsp;&nbsp;&nbsp;&nbsp;&nbsp;&nbsp;&nbsp;Les textes sont r\u00e9dig\u00e9s par des sp\u00e9cialistes du sujet. \u00b7&nbsp;&nbsp;&nbsp;&nbsp;&nbsp;&nbsp;&nbsp;&nbsp;Site internet r\u00e9alis\u00e9 par [&hellip;]\" \/>\n<meta property=\"og:url\" content=\"https:\/\/cdasexologue.fr\/index.php\/mes-condition-generales-dutilisation\/\" \/>\n<meta property=\"og:site_name\" content=\"CDA Sexologue\" \/>\n<meta property=\"article:publisher\" content=\"https:\/\/www.facebook.com\/profile.php?id=61568437553174\" \/>\n<meta property=\"article:modified_time\" content=\"2024-10-22T12:02:03+00:00\" \/>\n<meta name=\"twitter:card\" content=\"summary_large_image\" \/>\n<meta name=\"twitter:label1\" content=\"Dur\u00e9e de lecture estim\u00e9e\" \/>\n\t<meta name=\"twitter:data1\" content=\"5 minutes\" \/>\n<script type=\"application\/ld+json\" class=\"yoast-schema-graph\">{\"@context\":\"https:\\\/\\\/schema.org\",\"@graph\":[{\"@type\":\"WebPage\",\"@id\":\"https:\\\/\\\/cdasexologue.fr\\\/index.php\\\/mes-condition-generales-dutilisation\\\/\",\"url\":\"https:\\\/\\\/cdasexologue.fr\\\/index.php\\\/mes-condition-generales-dutilisation\\\/\",\"name\":\"Mes conditions g\u00e9n\u00e9rales d'utilisation - CDA Sexologue\",\"isPartOf\":{\"@id\":\"https:\\\/\\\/cdasexologue.fr\\\/#website\"},\"datePublished\":\"2024-09-06T19:18:08+00:00\",\"dateModified\":\"2024-10-22T12:02:03+00:00\",\"breadcrumb\":{\"@id\":\"https:\\\/\\\/cdasexologue.fr\\\/index.php\\\/mes-condition-generales-dutilisation\\\/#breadcrumb\"},\"inLanguage\":\"fr-FR\",\"potentialAction\":[{\"@type\":\"ReadAction\",\"target\":[\"https:\\\/\\\/cdasexologue.fr\\\/index.php\\\/mes-condition-generales-dutilisation\\\/\"]}]},{\"@type\":\"BreadcrumbList\",\"@id\":\"https:\\\/\\\/cdasexologue.fr\\\/index.php\\\/mes-condition-generales-dutilisation\\\/#breadcrumb\",\"itemListElement\":[{\"@type\":\"ListItem\",\"position\":1,\"name\":\"Accueil\",\"item\":\"https:\\\/\\\/cdasexologue.fr\\\/\"},{\"@type\":\"ListItem\",\"position\":2,\"name\":\"Mes conditions g\u00e9n\u00e9rales d&rsquo;utilisation\"}]},{\"@type\":\"WebSite\",\"@id\":\"https:\\\/\\\/cdasexologue.fr\\\/#website\",\"url\":\"https:\\\/\\\/cdasexologue.fr\\\/\",\"name\":\"CDA Sexologue\",\"description\":\"Sexologue sur Tours et La Riche\",\"publisher\":{\"@id\":\"https:\\\/\\\/cdasexologue.fr\\\/#organization\"},\"potentialAction\":[{\"@type\":\"SearchAction\",\"target\":{\"@type\":\"EntryPoint\",\"urlTemplate\":\"https:\\\/\\\/cdasexologue.fr\\\/?s={search_term_string}\"},\"query-input\":{\"@type\":\"PropertyValueSpecification\",\"valueRequired\":true,\"valueName\":\"search_term_string\"}}],\"inLanguage\":\"fr-FR\"},{\"@type\":\"Organization\",\"@id\":\"https:\\\/\\\/cdasexologue.fr\\\/#organization\",\"name\":\"CDA Sexologue\",\"url\":\"https:\\\/\\\/cdasexologue.fr\\\/\",\"logo\":{\"@type\":\"ImageObject\",\"inLanguage\":\"fr-FR\",\"@id\":\"https:\\\/\\\/cdasexologue.fr\\\/#\\\/schema\\\/logo\\\/image\\\/\",\"url\":\"https:\\\/\\\/cdasexologue.fr\\\/wp-content\\\/uploads\\\/2024\\\/11\\\/cropped-20241110_173019_0000-removebg-preview.png\",\"contentUrl\":\"https:\\\/\\\/cdasexologue.fr\\\/wp-content\\\/uploads\\\/2024\\\/11\\\/cropped-20241110_173019_0000-removebg-preview.png\",\"width\":512,\"height\":512,\"caption\":\"CDA Sexologue\"},\"image\":{\"@id\":\"https:\\\/\\\/cdasexologue.fr\\\/#\\\/schema\\\/logo\\\/image\\\/\"},\"sameAs\":[\"https:\\\/\\\/www.facebook.com\\\/profile.php?id=61568437553174\",\"https:\\\/\\\/www.instagram.com\\\/cdasexologue\\\/\"]}]}<\/script>\n<!-- \/ Yoast SEO plugin. -->","yoast_head_json":{"title":"Mes conditions g\u00e9n\u00e9rales d'utilisation - CDA Sexologue","robots":{"index":"index","follow":"follow","max-snippet":"max-snippet:-1","max-image-preview":"max-image-preview:large","max-video-preview":"max-video-preview:-1"},"canonical":"https:\/\/cdasexologue.fr\/index.php\/mes-condition-generales-dutilisation\/","og_locale":"fr_FR","og_type":"article","og_title":"Mes conditions g\u00e9n\u00e9rales d'utilisation - CDA Sexologue","og_description":"Mes conditions g\u00e9n\u00e9rales d&rsquo;utilisation \u00b7&nbsp;&nbsp;&nbsp;&nbsp;&nbsp;&nbsp;&nbsp;&nbsp;Responsable du site&nbsp;: Claire Duval-Arnould \u00b7&nbsp;&nbsp;&nbsp;&nbsp;&nbsp;&nbsp;&nbsp;&nbsp;Le praticien est responsable du contenu r\u00e9dactionnel du pr\u00e9sent site. \u00b7&nbsp;&nbsp;&nbsp;&nbsp;&nbsp;&nbsp;&nbsp;&nbsp;N\u00b0 de siren de Claire Duval-Arnould&nbsp;: 931418834 \u00b7&nbsp;&nbsp;&nbsp;&nbsp;&nbsp;&nbsp;&nbsp;&nbsp;Le site internet est h\u00e9berg\u00e9 par OVH \u2013 2 rue Kellermann \u2013 59100 Roubaix \u2013 France \u00b7&nbsp;&nbsp;&nbsp;&nbsp;&nbsp;&nbsp;&nbsp;&nbsp;Les textes sont r\u00e9dig\u00e9s par des sp\u00e9cialistes du sujet. \u00b7&nbsp;&nbsp;&nbsp;&nbsp;&nbsp;&nbsp;&nbsp;&nbsp;Site internet r\u00e9alis\u00e9 par [&hellip;]","og_url":"https:\/\/cdasexologue.fr\/index.php\/mes-condition-generales-dutilisation\/","og_site_name":"CDA Sexologue","article_publisher":"https:\/\/www.facebook.com\/profile.php?id=61568437553174","article_modified_time":"2024-10-22T12:02:03+00:00","twitter_card":"summary_large_image","twitter_misc":{"Dur\u00e9e de lecture estim\u00e9e":"5 minutes"},"schema":{"@context":"https:\/\/schema.org","@graph":[{"@type":"WebPage","@id":"https:\/\/cdasexologue.fr\/index.php\/mes-condition-generales-dutilisation\/","url":"https:\/\/cdasexologue.fr\/index.php\/mes-condition-generales-dutilisation\/","name":"Mes conditions g\u00e9n\u00e9rales d'utilisation - CDA Sexologue","isPartOf":{"@id":"https:\/\/cdasexologue.fr\/#website"},"datePublished":"2024-09-06T19:18:08+00:00","dateModified":"2024-10-22T12:02:03+00:00","breadcrumb":{"@id":"https:\/\/cdasexologue.fr\/index.php\/mes-condition-generales-dutilisation\/#breadcrumb"},"inLanguage":"fr-FR","potentialAction":[{"@type":"ReadAction","target":["https:\/\/cdasexologue.fr\/index.php\/mes-condition-generales-dutilisation\/"]}]},{"@type":"BreadcrumbList","@id":"https:\/\/cdasexologue.fr\/index.php\/mes-condition-generales-dutilisation\/#breadcrumb","itemListElement":[{"@type":"ListItem","position":1,"name":"Accueil","item":"https:\/\/cdasexologue.fr\/"},{"@type":"ListItem","position":2,"name":"Mes conditions g\u00e9n\u00e9rales d&rsquo;utilisation"}]},{"@type":"WebSite","@id":"https:\/\/cdasexologue.fr\/#website","url":"https:\/\/cdasexologue.fr\/","name":"CDA Sexologue","description":"Sexologue sur Tours et La Riche","publisher":{"@id":"https:\/\/cdasexologue.fr\/#organization"},"potentialAction":[{"@type":"SearchAction","target":{"@type":"EntryPoint","urlTemplate":"https:\/\/cdasexologue.fr\/?s={search_term_string}"},"query-input":{"@type":"PropertyValueSpecification","valueRequired":true,"valueName":"search_term_string"}}],"inLanguage":"fr-FR"},{"@type":"Organization","@id":"https:\/\/cdasexologue.fr\/#organization","name":"CDA Sexologue","url":"https:\/\/cdasexologue.fr\/","logo":{"@type":"ImageObject","inLanguage":"fr-FR","@id":"https:\/\/cdasexologue.fr\/#\/schema\/logo\/image\/","url":"https:\/\/cdasexologue.fr\/wp-content\/uploads\/2024\/11\/cropped-20241110_173019_0000-removebg-preview.png","contentUrl":"https:\/\/cdasexologue.fr\/wp-content\/uploads\/2024\/11\/cropped-20241110_173019_0000-removebg-preview.png","width":512,"height":512,"caption":"CDA Sexologue"},"image":{"@id":"https:\/\/cdasexologue.fr\/#\/schema\/logo\/image\/"},"sameAs":["https:\/\/www.facebook.com\/profile.php?id=61568437553174","https:\/\/www.instagram.com\/cdasexologue\/"]}]}},"_links":{"self":[{"href":"https:\/\/cdasexologue.fr\/index.php\/wp-json\/wp\/v2\/pages\/241","targetHints":{"allow":["GET"]}}],"collection":[{"href":"https:\/\/cdasexologue.fr\/index.php\/wp-json\/wp\/v2\/pages"}],"about":[{"href":"https:\/\/cdasexologue.fr\/index.php\/wp-json\/wp\/v2\/types\/page"}],"author":[{"embeddable":true,"href":"https:\/\/cdasexologue.fr\/index.php\/wp-json\/wp\/v2\/users\/1"}],"replies":[{"embeddable":true,"href":"https:\/\/cdasexologue.fr\/index.php\/wp-json\/wp\/v2\/comments?post=241"}],"version-history":[{"count":7,"href":"https:\/\/cdasexologue.fr\/index.php\/wp-json\/wp\/v2\/pages\/241\/revisions"}],"predecessor-version":[{"id":488,"href":"https:\/\/cdasexologue.fr\/index.php\/wp-json\/wp\/v2\/pages\/241\/revisions\/488"}],"wp:attachment":[{"href":"https:\/\/cdasexologue.fr\/index.php\/wp-json\/wp\/v2\/media?parent=241"}],"curies":[{"name":"wp","href":"https:\/\/api.w.org\/{rel}","templated":true}]}}