{"id":2,"date":"2024-08-30T19:49:26","date_gmt":"2024-08-30T17:49:26","guid":{"rendered":"http:\/\/cdasexologue.fr\/?page_id=2"},"modified":"2025-07-03T16:45:44","modified_gmt":"2025-07-03T14:45:44","slug":"page-d-exemple","status":"publish","type":"page","link":"https:\/\/cdasexologue.fr\/index.php\/page-d-exemple\/","title":{"rendered":"Me conna\u00eetre"},"content":{"rendered":"<div data-colibri-id=\"2-c1\" class=\"style-341 style-local-2-c1 position-relative\">\n  <!---->\n  <div data-colibri-component=\"section\" data-colibri-id=\"2-c2\" id=\"custom\" class=\"h-section h-section-global-spacing d-flex align-items-lg-center align-items-md-center align-items-center style-359 style-local-2-c2 position-relative\">\n    <!---->\n    <!---->\n    <div class=\"h-section-grid-container h-section-boxed-container\">\n      <!---->\n      <div data-colibri-id=\"2-c3\" class=\"h-row-container gutters-row-lg-2 gutters-row-md-2 gutters-row-0 gutters-row-v-lg-2 gutters-row-v-md-2 gutters-row-v-2 style-411 style-local-2-c3 position-relative\">\n        <!---->\n        <div class=\"h-row justify-content-lg-center justify-content-md-center justify-content-center align-items-lg-stretch align-items-md-stretch align-items-stretch gutters-col-lg-2 gutters-col-md-2 gutters-col-0 gutters-col-v-lg-2 gutters-col-v-md-2 gutters-col-v-2\">\n          <!---->\n          <div class=\"h-column h-column-container d-flex h-col-lg-auto h-col-md-auto h-col-auto style-412-outer style-local-2-c4-outer\">\n            <div data-colibri-id=\"2-c4\" class=\"d-flex h-flex-basis h-column__inner h-px-lg-2 h-px-md-2 h-px-2 v-inner-lg-2 v-inner-md-2 v-inner-2 style-412 style-local-2-c4 position-relative\">\n              <!---->\n              <!---->\n              <div class=\"w-100 h-y-container h-column__content h-column__v-align flex-basis-100 align-self-lg-start align-self-md-start align-self-start\">\n                <!---->\n                <div data-colibri-id=\"2-c5\" class=\"h-global-transition-all h-heading style-413 style-local-2-c5 position-relative h-element\">\n                  <!---->\n                  <div class=\"h-heading__outer style-413 style-local-2-c5\">\n                    <!---->\n                    <!---->\n                    <h1 class=\"\">Me conna\u00eetre<\/h1>\n                  <\/div>\n                <\/div>\n              <\/div>\n            <\/div>\n          <\/div>\n        <\/div>\n      <\/div>\n      <div data-colibri-id=\"2-c6\" class=\"h-row-container gutters-row-lg-2 gutters-row-md-2 gutters-row-0 gutters-row-v-lg-2 gutters-row-v-md-2 gutters-row-v-2 style-360 style-local-2-c6 position-relative\">\n        <!---->\n        <div class=\"h-row justify-content-lg-center justify-content-md-center justify-content-center align-items-lg-stretch align-items-md-stretch align-items-stretch gutters-col-lg-2 gutters-col-md-2 gutters-col-0 gutters-col-v-lg-2 gutters-col-v-md-2 gutters-col-v-2\">\n          <!---->\n          <div class=\"h-column h-column-container d-flex h-col-lg-auto h-col-md-auto h-col-auto style-361-outer style-local-2-c7-outer\">\n            <div data-colibri-id=\"2-c7\" class=\"d-flex h-flex-basis h-column__inner h-px-lg-2 h-px-md-2 h-px-2 v-inner-lg-2 v-inner-md-2 v-inner-2 style-361 style-local-2-c7 position-relative\">\n              <!---->\n              <!---->\n              <div class=\"w-100 h-y-container h-column__content h-column__v-align flex-basis-100 align-self-lg-start align-self-md-start align-self-start\">\n                <!---->\n                <div data-colibri-id=\"2-c8\" class=\"h-text h-text-component style-365 style-local-2-c8 position-relative h-element\">\n                  <!---->\n                  <!---->\n                  <div class=\"\">\n                    <p>Je suis Claire, une multipassionn\u00e9e en qu\u00eate constante de savoir.<\/p>\n                    <p>Mon parcours vari\u00e9 m\u2019a permis de me forger un esprit curieux, en r\u00e9flexion constante et avec une approche et un chemin de pens\u00e9e diff\u00e9rents. A part mes \u00e9tudes et formations diff\u00e9rentes qui m\u2019ont permis une grande \u00e9tendue de savoirs,\n                      je suis \u00e9galement b\u00e9n\u00e9vole aupr\u00e8s de jeunes et de personnes \u00e2g\u00e9es et\/ou malade afin de les accompagner \u00e0 sortir de leur quotidien.<\/p>\n                    <p>Je suis une personne franche, honn\u00eate et qui fera de son mieux pour vous apporter un accompagnement de qualit\u00e9. La bienveillance, l\u2019\u00e9coute et l\u2019accueil sont mes ma\u00eetres-mots.<\/p>\n                    <p>Form\u00e9e en sexologie humaniste <span style=\"font-weight: 400; font-size: 16px; font-family: &quot;Open Sans&quot;; color: rgb(64, 85, 169);\">\u00e0 l&rsquo;Institut de sexologie, cofond\u00e9e par le Docteur Jacques Waynberg en 1974 et sous sa tutelle<\/span>,\n                      j\u2019apporte mon accompagnement et mon expertise aux personnes, couples et unions afin de r\u00e9inventer ce que peuvent \u00eatre une intimit\u00e9 et un \u00e9rotisme \u00e0 sa propre image.<\/p>\n                    <p>Mon but est de vous accompagner \u00e0 (re)d\u00e9couvrir ce qu\u2019est un \u00e9rotisme au sens o\u00f9 nous l\u2019entendons, c\u2019est-\u00e0-dire sortir de cette vision purement g\u00e9nitale qu\u2019est la sexualit\u00e9 et comprendre et se concentrer sur ce qui est vraiment essentiel.\n                      Cette approche est globale, car, comme son nom l\u2019indique, je me concentre sur ce qui vous fait \u00ab&nbsp;\u00eatre humain&nbsp;\u00bb, donc votre histoire personnelle, ainsi que des aspects plus larges, tels que les versants sociaux, \u00e9conomiques\n                      et culturels qui vous sont propres.<\/p>\n                    <p>En tant que sexologue non m\u00e9decin, je n\u2019offre pas d\u2019auscultations ni de prescriptions.<\/p>\n                    <p>Cependant, en fonction de vos probl\u00e9matiques, nous pourrons \u00eatre amen\u00e9 \u00e0 faire un travail pluridisciplinaire avec d\u2019autres professionnels (m\u00e9decins g\u00e9n\u00e9ralistes ou sp\u00e9cialistes, psychiatres, m\u00e9decines alternatives, sage femmes\u2026).<\/p>\n                    <p>\n                      <br>\n                    <\/p>\n                  <\/div>\n                <\/div>\n              <\/div>\n            <\/div>\n          <\/div>\n        <\/div>\n      <\/div>\n      <div data-colibri-id=\"2-c9\" class=\"h-row-container gutters-row-lg-2 gutters-row-md-2 gutters-row-0 gutters-row-v-lg-2 gutters-row-v-md-2 gutters-row-v-2 style-362 style-local-2-c9 position-relative\">\n        <!---->\n        <div class=\"h-row justify-content-lg-center justify-content-md-center justify-content-center align-items-lg-stretch align-items-md-stretch align-items-stretch gutters-col-lg-2 gutters-col-md-2 gutters-col-0 gutters-col-v-lg-2 gutters-col-v-md-2 gutters-col-v-2\">\n          <!---->\n          <div class=\"h-column h-column-container d-flex h-col-lg-auto h-col-md-auto h-col-auto style-363-outer style-local-2-c10-outer\">\n            <div data-colibri-id=\"2-c10\" class=\"d-flex h-flex-basis h-column__inner h-px-lg-2 h-px-md-2 h-px-2 v-inner-lg-2 v-inner-md-2 v-inner-2 style-363 style-local-2-c10 position-relative\">\n              <!---->\n              <!---->\n              <div class=\"w-100 h-y-container h-column__content h-column__v-align flex-basis-100 align-self-lg-start align-self-md-start align-self-start\">\n                <!---->\n                <div data-colibri-id=\"2-c11\" class=\"h-text h-text-component style-369 style-local-2-c11 position-relative h-element\">\n                  <!---->\n                  <!---->\n                  <div class=\"\">\n                    <p><strong>Sexologue humaniste&nbsp;?<\/strong><\/p>\n                    <p>La sexologie entre dans une nouvelle \u00e8re de l\u2019accompagnement, ne se focalisant pas uniquement sur le g\u00e9nital et les troubles moteurs, mais sur un ensemble d\u2019\u00e9l\u00e9ments vari\u00e9s qui constitue chaque individu dans son enti\u00e8ret\u00e9. Nous allons\n                      alors parler de sexologie humaniste.<\/p>\n                    <p>Comme son nom l\u2019indique, la sexologie humaniste voit l\u2019humain dans son enti\u00e8ret\u00e9. Cela signifie prendre en compte votre histoire personnelle, culturelle, religieuse, votre vie au travail, en famille, avec vos amis, ainsi que les aspects\n                      plus pratiques et mat\u00e9riels, comme les aspects environnementaux de vie et \u00e9conomiques.<\/p>\n                    <p>Mon approche se centre essentiellement autour des \u00e9motions, afin de vous accompagner dans une meilleure compr\u00e9hension de soi et de l\u2019autre.<\/p>\n                  <\/div>\n                <\/div>\n              <\/div>\n            <\/div>\n          <\/div>\n        <\/div>\n      <\/div>\n      <div data-colibri-id=\"2-c12\" class=\"h-row-container gutters-row-lg-2 gutters-row-md-2 gutters-row-0 gutters-row-v-lg-2 gutters-row-v-md-2 gutters-row-v-2 style-380 style-local-2-c12 position-relative\">\n        <!---->\n        <div class=\"h-row justify-content-lg-center justify-content-md-center justify-content-center align-items-lg-stretch align-items-md-stretch align-items-stretch gutters-col-lg-2 gutters-col-md-2 gutters-col-0 gutters-col-v-lg-2 gutters-col-v-md-2 gutters-col-v-2\">\n          <!---->\n          <div class=\"h-column h-column-container d-flex h-col-lg-auto h-col-md-auto h-col-auto style-381-outer style-local-2-c13-outer\">\n            <div data-colibri-id=\"2-c13\" class=\"d-flex h-flex-basis h-column__inner h-px-lg-2 h-px-md-2 h-px-2 v-inner-lg-2 v-inner-md-2 v-inner-2 style-381 style-local-2-c13 position-relative\">\n              <!---->\n              <!---->\n              <div class=\"w-100 h-y-container h-column__content h-column__v-align flex-basis-100 align-self-lg-start align-self-md-start align-self-start\">\n                <!---->\n                <div data-colibri-id=\"2-c14\" class=\"h-text h-text-component style-373 style-local-2-c14 position-relative h-element\">\n                  <!---->\n                  <!---->\n                  <div class=\"\">\n                    <p><strong>Une autre approche des \u00e9motions<\/strong><\/p>\n                    <p>Les \u00e9motions sont une chose simple \u00e0 premi\u00e8re vue, et pourtant si complexes. Si elles sont r\u00e9prim\u00e9es, enfouies, cach\u00e9es au fond de nous, comment entrer en communication \u00e9motionnelle avec l\u2019autre&nbsp;? La prise de conscience de ses\n                      \u00e9motions est un processus essentiel \u00e0 la compr\u00e9hension de ses envies, de ses attentes et de son moi profond.<\/p>\n                    <p>Les \u00e9motions s\u2019inscrivent dans une toile de fond complexe qui, li\u00e9es aux diff\u00e9rents aspects de la vie, peuvent \u00eatre mal comprises, mal exprim\u00e9es, ou tout simplement inspirer une peur. D\u00e9voiler ses \u00e9motions, c\u2019est se montrer vuln\u00e9rable\n                      et inviter l\u2019autre \u00e0 une entrevue avec notre c\u0153ur, notre esprit et notre \u00e2me.<\/p>\n                    <p>En travaillant autour de l\u2019\u00e9veil \u00e9motionnel, de sa compr\u00e9hension et de ses subtilit\u00e9s, je vais pouvoir vous accompagner dans un \u00e9rotisme plus personnel et \u00e0 votre image. <\/p>\n                  <\/div>\n                <\/div>\n              <\/div>\n            <\/div>\n          <\/div>\n        <\/div>\n      <\/div>\n      <div data-colibri-id=\"2-c15\" class=\"h-row-container gutters-row-lg-2 gutters-row-md-2 gutters-row-0 gutters-row-v-lg-2 gutters-row-v-md-2 gutters-row-v-2 style-376 style-local-2-c15 position-relative\">\n        <!---->\n        <div class=\"h-row justify-content-lg-center justify-content-md-center justify-content-center align-items-lg-stretch align-items-md-stretch align-items-stretch gutters-col-lg-2 gutters-col-md-2 gutters-col-0 gutters-col-v-lg-2 gutters-col-v-md-2 gutters-col-v-2\">\n          <!---->\n          <div class=\"h-column h-column-container d-flex h-col-lg-auto h-col-md-auto h-col-auto style-377-outer style-local-2-c16-outer\">\n            <div data-colibri-id=\"2-c16\" class=\"d-flex h-flex-basis h-column__inner h-px-lg-2 h-px-md-2 h-px-2 v-inner-lg-2 v-inner-md-2 v-inner-2 style-377 style-local-2-c16 position-relative\">\n              <!---->\n              <!---->\n              <div class=\"w-100 h-y-container h-column__content h-column__v-align flex-basis-100 align-self-lg-start align-self-md-start align-self-start\">\n                <!---->\n                <div data-colibri-id=\"2-c17\" class=\"h-text h-text-component style-366 style-local-2-c17 position-relative h-element\">\n                  <!---->\n                  <!---->\n                  <div class=\"\">\n                    <p><strong>Mon parcours et mes dipl\u00f4mes&nbsp;:<\/strong><\/p>\n                    <p>Licence de Biologie, mention Sant\u00e9.<\/p>\n                    <p>Licence de Psychologie.<\/p>\n                    <p>DEA Sexologie et Sant\u00e9 Publique &#8211; Institut de sexologie, \u00e9l\u00e8ve du Docteur Jacques Waynberg<\/p>\n                    <p>\n                      <br>\n                    <\/p>\n                    <p>Je continue constamment de me former et d\u2019enrichir mes connaissances afin de pouvoir vous accompagner au mieux de mes capacit\u00e9s.<\/p>\n                  <\/div>\n                <\/div>\n              <\/div>\n            <\/div>\n          <\/div>\n        <\/div>\n      <\/div>\n      <div data-colibri-id=\"2-c18\" class=\"h-row-container gutters-row-lg-2 gutters-row-md-2 gutters-row-0 gutters-row-v-lg-2 gutters-row-v-md-2 gutters-row-v-2 style-371 style-local-2-c18 position-relative\">\n        <!---->\n        <div class=\"h-row justify-content-lg-center justify-content-md-center justify-content-center align-items-lg-stretch align-items-md-stretch align-items-stretch gutters-col-lg-2 gutters-col-md-2 gutters-col-0 gutters-col-v-lg-2 gutters-col-v-md-2 gutters-col-v-2\">\n          <!---->\n          <div class=\"h-column h-column-container d-flex h-col-lg-auto h-col-md-auto h-col-auto style-372-outer style-local-2-c19-outer\">\n            <div data-colibri-id=\"2-c19\" class=\"d-flex h-flex-basis h-column__inner h-ui-empty-state-container h-px-lg-2 h-px-md-2 h-px-2 v-inner-lg-2 v-inner-md-2 v-inner-2 style-372 style-local-2-c19 position-relative\">\n              <!---->\n              <!---->\n              <div class=\"w-100 h-y-container h-column__content h-column__v-align flex-basis-100\">\n                <!---->\n              <\/div>\n            <\/div>\n          <\/div>\n        <\/div>\n      <\/div>\n    <\/div>\n  <\/div>\n<\/div>","protected":false},"excerpt":{"rendered":"<p>Me conna\u00eetre Je suis Claire, une multipassionn\u00e9e en qu\u00eate constante de savoir. Mon parcours vari\u00e9 m\u2019a permis de me forger un esprit curieux, en r\u00e9flexion constante et avec une approche et un chemin de pens\u00e9e diff\u00e9rents. A part mes \u00e9tudes et formations diff\u00e9rentes qui m\u2019ont permis une grande \u00e9tendue de savoirs, je suis \u00e9galement b\u00e9n\u00e9vole [&hellip;]<\/p>\n","protected":false},"author":1,"featured_media":0,"parent":0,"menu_order":0,"comment_status":"closed","ping_status":"open","template":"page-templates\/full-width-page.php","meta":{"footnotes":""},"class_list":["post-2","page","type-page","status-publish","hentry"],"yoast_head":"<!-- This site is optimized with the Yoast SEO plugin v27.4 - https:\/\/yoast.com\/product\/yoast-seo-wordpress\/ -->\n<title>Me conna\u00eetre - CDA Sexologue<\/title>\n<meta name=\"robots\" content=\"index, follow, max-snippet:-1, max-image-preview:large, max-video-preview:-1\" \/>\n<link rel=\"canonical\" href=\"https:\/\/cdasexologue.fr\/index.php\/page-d-exemple\/\" \/>\n<meta property=\"og:locale\" content=\"fr_FR\" \/>\n<meta property=\"og:type\" content=\"article\" \/>\n<meta property=\"og:title\" content=\"Me conna\u00eetre - CDA Sexologue\" \/>\n<meta property=\"og:description\" content=\"Me conna\u00eetre Je suis Claire, une multipassionn\u00e9e en qu\u00eate constante de savoir. Mon parcours vari\u00e9 m\u2019a permis de me forger un esprit curieux, en r\u00e9flexion constante et avec une approche et un chemin de pens\u00e9e diff\u00e9rents. A part mes \u00e9tudes et formations diff\u00e9rentes qui m\u2019ont permis une grande \u00e9tendue de savoirs, je suis \u00e9galement b\u00e9n\u00e9vole [&hellip;]\" \/>\n<meta property=\"og:url\" content=\"https:\/\/cdasexologue.fr\/index.php\/page-d-exemple\/\" \/>\n<meta property=\"og:site_name\" content=\"CDA Sexologue\" \/>\n<meta property=\"article:publisher\" content=\"https:\/\/www.facebook.com\/profile.php?id=61568437553174\" \/>\n<meta property=\"article:modified_time\" content=\"2025-07-03T14:45:44+00:00\" \/>\n<meta name=\"twitter:card\" content=\"summary_large_image\" \/>\n<meta name=\"twitter:label1\" content=\"Dur\u00e9e de lecture estim\u00e9e\" \/>\n\t<meta name=\"twitter:data1\" content=\"3 minutes\" \/>\n<script type=\"application\/ld+json\" class=\"yoast-schema-graph\">{\"@context\":\"https:\\\/\\\/schema.org\",\"@graph\":[{\"@type\":\"WebPage\",\"@id\":\"https:\\\/\\\/cdasexologue.fr\\\/index.php\\\/page-d-exemple\\\/\",\"url\":\"https:\\\/\\\/cdasexologue.fr\\\/index.php\\\/page-d-exemple\\\/\",\"name\":\"Me conna\u00eetre - CDA Sexologue\",\"isPartOf\":{\"@id\":\"https:\\\/\\\/cdasexologue.fr\\\/#website\"},\"datePublished\":\"2024-08-30T17:49:26+00:00\",\"dateModified\":\"2025-07-03T14:45:44+00:00\",\"breadcrumb\":{\"@id\":\"https:\\\/\\\/cdasexologue.fr\\\/index.php\\\/page-d-exemple\\\/#breadcrumb\"},\"inLanguage\":\"fr-FR\",\"potentialAction\":[{\"@type\":\"ReadAction\",\"target\":[\"https:\\\/\\\/cdasexologue.fr\\\/index.php\\\/page-d-exemple\\\/\"]}]},{\"@type\":\"BreadcrumbList\",\"@id\":\"https:\\\/\\\/cdasexologue.fr\\\/index.php\\\/page-d-exemple\\\/#breadcrumb\",\"itemListElement\":[{\"@type\":\"ListItem\",\"position\":1,\"name\":\"Accueil\",\"item\":\"https:\\\/\\\/cdasexologue.fr\\\/\"},{\"@type\":\"ListItem\",\"position\":2,\"name\":\"Me conna\u00eetre\"}]},{\"@type\":\"WebSite\",\"@id\":\"https:\\\/\\\/cdasexologue.fr\\\/#website\",\"url\":\"https:\\\/\\\/cdasexologue.fr\\\/\",\"name\":\"CDA Sexologue\",\"description\":\"Sexologue sur Tours et La Riche\",\"publisher\":{\"@id\":\"https:\\\/\\\/cdasexologue.fr\\\/#organization\"},\"potentialAction\":[{\"@type\":\"SearchAction\",\"target\":{\"@type\":\"EntryPoint\",\"urlTemplate\":\"https:\\\/\\\/cdasexologue.fr\\\/?s={search_term_string}\"},\"query-input\":{\"@type\":\"PropertyValueSpecification\",\"valueRequired\":true,\"valueName\":\"search_term_string\"}}],\"inLanguage\":\"fr-FR\"},{\"@type\":\"Organization\",\"@id\":\"https:\\\/\\\/cdasexologue.fr\\\/#organization\",\"name\":\"CDA Sexologue\",\"url\":\"https:\\\/\\\/cdasexologue.fr\\\/\",\"logo\":{\"@type\":\"ImageObject\",\"inLanguage\":\"fr-FR\",\"@id\":\"https:\\\/\\\/cdasexologue.fr\\\/#\\\/schema\\\/logo\\\/image\\\/\",\"url\":\"https:\\\/\\\/cdasexologue.fr\\\/wp-content\\\/uploads\\\/2024\\\/11\\\/cropped-20241110_173019_0000-removebg-preview.png\",\"contentUrl\":\"https:\\\/\\\/cdasexologue.fr\\\/wp-content\\\/uploads\\\/2024\\\/11\\\/cropped-20241110_173019_0000-removebg-preview.png\",\"width\":512,\"height\":512,\"caption\":\"CDA Sexologue\"},\"image\":{\"@id\":\"https:\\\/\\\/cdasexologue.fr\\\/#\\\/schema\\\/logo\\\/image\\\/\"},\"sameAs\":[\"https:\\\/\\\/www.facebook.com\\\/profile.php?id=61568437553174\",\"https:\\\/\\\/www.instagram.com\\\/cdasexologue\\\/\"]}]}<\/script>\n<!-- \/ Yoast SEO plugin. -->","yoast_head_json":{"title":"Me conna\u00eetre - CDA Sexologue","robots":{"index":"index","follow":"follow","max-snippet":"max-snippet:-1","max-image-preview":"max-image-preview:large","max-video-preview":"max-video-preview:-1"},"canonical":"https:\/\/cdasexologue.fr\/index.php\/page-d-exemple\/","og_locale":"fr_FR","og_type":"article","og_title":"Me conna\u00eetre - CDA Sexologue","og_description":"Me conna\u00eetre Je suis Claire, une multipassionn\u00e9e en qu\u00eate constante de savoir. Mon parcours vari\u00e9 m\u2019a permis de me forger un esprit curieux, en r\u00e9flexion constante et avec une approche et un chemin de pens\u00e9e diff\u00e9rents. A part mes \u00e9tudes et formations diff\u00e9rentes qui m\u2019ont permis une grande \u00e9tendue de savoirs, je suis \u00e9galement b\u00e9n\u00e9vole [&hellip;]","og_url":"https:\/\/cdasexologue.fr\/index.php\/page-d-exemple\/","og_site_name":"CDA Sexologue","article_publisher":"https:\/\/www.facebook.com\/profile.php?id=61568437553174","article_modified_time":"2025-07-03T14:45:44+00:00","twitter_card":"summary_large_image","twitter_misc":{"Dur\u00e9e de lecture estim\u00e9e":"3 minutes"},"schema":{"@context":"https:\/\/schema.org","@graph":[{"@type":"WebPage","@id":"https:\/\/cdasexologue.fr\/index.php\/page-d-exemple\/","url":"https:\/\/cdasexologue.fr\/index.php\/page-d-exemple\/","name":"Me conna\u00eetre - CDA Sexologue","isPartOf":{"@id":"https:\/\/cdasexologue.fr\/#website"},"datePublished":"2024-08-30T17:49:26+00:00","dateModified":"2025-07-03T14:45:44+00:00","breadcrumb":{"@id":"https:\/\/cdasexologue.fr\/index.php\/page-d-exemple\/#breadcrumb"},"inLanguage":"fr-FR","potentialAction":[{"@type":"ReadAction","target":["https:\/\/cdasexologue.fr\/index.php\/page-d-exemple\/"]}]},{"@type":"BreadcrumbList","@id":"https:\/\/cdasexologue.fr\/index.php\/page-d-exemple\/#breadcrumb","itemListElement":[{"@type":"ListItem","position":1,"name":"Accueil","item":"https:\/\/cdasexologue.fr\/"},{"@type":"ListItem","position":2,"name":"Me conna\u00eetre"}]},{"@type":"WebSite","@id":"https:\/\/cdasexologue.fr\/#website","url":"https:\/\/cdasexologue.fr\/","name":"CDA Sexologue","description":"Sexologue sur Tours et La Riche","publisher":{"@id":"https:\/\/cdasexologue.fr\/#organization"},"potentialAction":[{"@type":"SearchAction","target":{"@type":"EntryPoint","urlTemplate":"https:\/\/cdasexologue.fr\/?s={search_term_string}"},"query-input":{"@type":"PropertyValueSpecification","valueRequired":true,"valueName":"search_term_string"}}],"inLanguage":"fr-FR"},{"@type":"Organization","@id":"https:\/\/cdasexologue.fr\/#organization","name":"CDA Sexologue","url":"https:\/\/cdasexologue.fr\/","logo":{"@type":"ImageObject","inLanguage":"fr-FR","@id":"https:\/\/cdasexologue.fr\/#\/schema\/logo\/image\/","url":"https:\/\/cdasexologue.fr\/wp-content\/uploads\/2024\/11\/cropped-20241110_173019_0000-removebg-preview.png","contentUrl":"https:\/\/cdasexologue.fr\/wp-content\/uploads\/2024\/11\/cropped-20241110_173019_0000-removebg-preview.png","width":512,"height":512,"caption":"CDA Sexologue"},"image":{"@id":"https:\/\/cdasexologue.fr\/#\/schema\/logo\/image\/"},"sameAs":["https:\/\/www.facebook.com\/profile.php?id=61568437553174","https:\/\/www.instagram.com\/cdasexologue\/"]}]}},"_links":{"self":[{"href":"https:\/\/cdasexologue.fr\/index.php\/wp-json\/wp\/v2\/pages\/2","targetHints":{"allow":["GET"]}}],"collection":[{"href":"https:\/\/cdasexologue.fr\/index.php\/wp-json\/wp\/v2\/pages"}],"about":[{"href":"https:\/\/cdasexologue.fr\/index.php\/wp-json\/wp\/v2\/types\/page"}],"author":[{"embeddable":true,"href":"https:\/\/cdasexologue.fr\/index.php\/wp-json\/wp\/v2\/users\/1"}],"replies":[{"embeddable":true,"href":"https:\/\/cdasexologue.fr\/index.php\/wp-json\/wp\/v2\/comments?post=2"}],"version-history":[{"count":15,"href":"https:\/\/cdasexologue.fr\/index.php\/wp-json\/wp\/v2\/pages\/2\/revisions"}],"predecessor-version":[{"id":656,"href":"https:\/\/cdasexologue.fr\/index.php\/wp-json\/wp\/v2\/pages\/2\/revisions\/656"}],"wp:attachment":[{"href":"https:\/\/cdasexologue.fr\/index.php\/wp-json\/wp\/v2\/media?parent=2"}],"curies":[{"name":"wp","href":"https:\/\/api.w.org\/{rel}","templated":true}]}}