{"id":135,"date":"2024-09-04T18:14:02","date_gmt":"2024-09-04T16:14:02","guid":{"rendered":"https:\/\/cdasexologue.fr\/?page_id=135"},"modified":"2026-04-07T09:43:49","modified_gmt":"2026-04-07T07:43:49","slug":"consultations-et-tarifs","status":"publish","type":"page","link":"https:\/\/cdasexologue.fr\/index.php\/consultations-et-tarifs\/","title":{"rendered":"Consultations et tarifs"},"content":{"rendered":"<div data-colibri-id=\"135-c1\" class=\"style-348 style-local-135-c1 position-relative\">\n  <!---->\n  <div data-colibri-component=\"section\" data-colibri-id=\"135-c2\" id=\"custom\" class=\"h-section h-section-global-spacing d-flex align-items-lg-center align-items-md-center align-items-center style-349 style-local-135-c2 position-relative\">\n    <!---->\n    <!---->\n    <div class=\"h-section-grid-container h-section-boxed-container\">\n      <!---->\n      <div data-colibri-id=\"135-c3\" class=\"h-row-container gutters-row-lg-2 gutters-row-md-2 gutters-row-0 gutters-row-v-lg-2 gutters-row-v-md-2 gutters-row-v-2 style-414 style-local-135-c3 position-relative\">\n        <!---->\n        <div class=\"h-row justify-content-lg-center justify-content-md-center justify-content-center align-items-lg-stretch align-items-md-stretch align-items-stretch gutters-col-lg-2 gutters-col-md-2 gutters-col-0 gutters-col-v-lg-2 gutters-col-v-md-2 gutters-col-v-2\">\n          <!---->\n          <div class=\"h-column h-column-container d-flex h-col-lg-auto h-col-md-auto h-col-auto style-415-outer style-local-135-c4-outer\">\n            <div data-colibri-id=\"135-c4\" class=\"d-flex h-flex-basis h-column__inner h-px-lg-2 h-px-md-2 h-px-2 v-inner-lg-2 v-inner-md-2 v-inner-2 style-415 style-local-135-c4 position-relative\">\n              <!---->\n              <!---->\n              <div class=\"w-100 h-y-container h-column__content h-column__v-align flex-basis-100 align-self-lg-start align-self-md-start align-self-start\">\n                <!---->\n                <div data-colibri-id=\"135-c5\" class=\"h-global-transition-all h-heading style-416 style-local-135-c5 position-relative h-element\">\n                  <!---->\n                  <div class=\"h-heading__outer style-416 style-local-135-c5\">\n                    <!---->\n                    <!---->\n                    <h1 class=\"\">Consultations et tarifs<\/h1>\n                  <\/div>\n                <\/div>\n              <\/div>\n            <\/div>\n          <\/div>\n        <\/div>\n      <\/div>\n      <div data-colibri-id=\"135-c6\" class=\"h-row-container gutters-row-lg-2 gutters-row-md-2 gutters-row-0 gutters-row-v-lg-2 gutters-row-v-md-2 gutters-row-v-2 style-350 style-local-135-c6 position-relative\">\n        <!---->\n        <div class=\"h-row justify-content-lg-center justify-content-md-center justify-content-center align-items-lg-stretch align-items-md-stretch align-items-stretch gutters-col-lg-2 gutters-col-md-2 gutters-col-0 gutters-col-v-lg-2 gutters-col-v-md-2 gutters-col-v-2\">\n          <!---->\n          <div class=\"h-column h-column-container d-flex h-col-lg-auto h-col-md-auto h-col-auto style-351-outer style-local-135-c7-outer\">\n            <div data-colibri-id=\"135-c7\" class=\"d-flex h-flex-basis h-column__inner h-px-lg-2 h-px-md-2 h-px-2 v-inner-lg-2 v-inner-md-2 v-inner-2 style-351 style-local-135-c7 position-relative\">\n              <!---->\n              <!---->\n              <div class=\"w-100 h-y-container h-column__content h-column__v-align flex-basis-100 align-self-lg-start align-self-md-start align-self-start\">\n                <!---->\n                <div data-colibri-id=\"135-c8\" class=\"h-text h-text-component style-352 style-local-135-c8 position-relative h-element\">\n                  <!---->\n                  <!---->\n                  <div class=\"\">\n                    <p><strong>Quand consulter ?<\/strong><\/p>\n                    <p>Vous pouvez choisir de consulter seul(e), en couple ou en union, lorsque vous en ressentez la n\u00e9cessit\u00e9, que ce soit pour des questionnements, des inqui\u00e9tudes sur votre intimit\u00e9 ou votre vie \u00e9rotique ou tout simplement le besoin d\u2019une\n                      oreille \u00e0 votre \u00e9coute.<\/p>\n                    <p>Les premi\u00e8res consultations sont plus longues. Elles peuvent se suffire \u00e0 elles-m\u00eames, parfois une seule consultation suffit, mais dans le cas contraire, nous mettrons en place un protocole d\u2019accompagnement qui vous convient. Pour\n                      des consultations de couple ou d\u2019union, si un accompagnement se met en place, il y aura des rendez-vous individuels en plus des consultations de couple ou d\u2019union, \u00e0 d\u00e9terminer ensemble.<\/p>\n                    <p>Les motifs de consultations peuvent \u00eatre tr\u00e8s vari\u00e9s&nbsp;:<\/p>\n                    <p>\u2013&nbsp;&nbsp;&nbsp;&nbsp;&nbsp;&nbsp;&nbsp;&nbsp;&nbsp;&nbsp;&nbsp;Troubles li\u00e9s au d\u00e9sir et\/ou au plaisir (anorgasmie, sentiment d\u2019ennui, perte ou absence de libido\u2026)<\/p>\n                    <p>\u2013&nbsp;&nbsp;&nbsp;&nbsp;&nbsp;&nbsp;&nbsp;&nbsp;&nbsp;&nbsp;&nbsp;Douleurs lors des rapports (dyspareunies, vaginisme, vulvodynie, inconfort\u2026)<\/p>\n                    <p>\u2013&nbsp;&nbsp;&nbsp;&nbsp;&nbsp;&nbsp;&nbsp;&nbsp;&nbsp;&nbsp;&nbsp;Troubles \u00e9rectiles\/\u00e9jaculatoires (an\u00e9jaculations, \u00e9jaculation tardive, pr\u00e9coce, gestion des \u00e9motions et des angoisses li\u00e9es \u00e0 la vie sexuelle, douleurs\u2026)<\/p>\n                    <p>\u2013&nbsp;&nbsp;&nbsp;&nbsp;&nbsp;&nbsp;&nbsp;&nbsp;&nbsp;&nbsp;&nbsp;M\u00e9sententes conjugales (diff\u00e9rence de libido, infid\u00e9lit\u00e9, diff\u00e9rencier la vie sexuelle personnelle de celle du couple ou de l\u2019union, s\u00e9paration, le poids du quotidien\n                      et la charge mentale, manque de communication\u2026)<\/p>\n                    <p>\u2013&nbsp;&nbsp;&nbsp;&nbsp;&nbsp;&nbsp;&nbsp;&nbsp;&nbsp;&nbsp;&nbsp;Troubles comportementaux (paraphilies, addictions, d\u00e9tresses \u00e9motionnelles et sexuelles\u2026)<\/p>\n                    <p>\u2013&nbsp;&nbsp;&nbsp;&nbsp;&nbsp;&nbsp;&nbsp;&nbsp;&nbsp;&nbsp;&nbsp;Handicap (physiques ou mentaux, autisme, TDAH\u2026)<\/p>\n                    <p>\u2013&nbsp;&nbsp;&nbsp;&nbsp;&nbsp;&nbsp;&nbsp;&nbsp;&nbsp;&nbsp;&nbsp;Evolutions li\u00e9es \u00e0 l\u2019\u00e2ge (m\u00e9nopause, andropause, apprentissage de la vie affective\u2026)<\/p>\n                    <p>\u2013&nbsp;&nbsp;&nbsp;&nbsp;&nbsp;&nbsp;&nbsp;&nbsp;&nbsp;&nbsp;&nbsp;Identit\u00e9 de genre, orientation sexuelle, coming out\u2026<\/p>\n                    <p>\n                      <br>\n                    <\/p>\n                    <p><strong>Venir pour gu\u00e9rir&nbsp;?<\/strong><\/p>\n                    <p>Lorsque vous allez voir un sexologue, c\u2019est qu\u2019inconsciemment, vous comprenez que votre trouble ne peut pas \u00eatre \u00ab&nbsp;soign\u00e9&nbsp;\u00bb comme on soignerait une maladie chez le m\u00e9decin.<\/p>\n                    <p>Sous un motif de consultation pour un trouble moteur, la partie immerg\u00e9e de l\u2019iceberg cache bien souvent un motif plus abstrait, plus profond, plus ancr\u00e9 dans son histoire propre, qu\u2019il faut alors aller d\u00e9couvrir, comprendre et apprendre\n                      \u00e0 avancer avec.<\/p>\n                    <p>La nouvelle sexologie se veut \u00eatre une sexologie de profondeur, de (re)d\u00e9couverte et d\u2019approfondissement personnel, devenu plus important que traiter les sympt\u00f4mes visibles.<\/p>\n                    <p>\n                      <br>\n                    <\/p>\n                    <p><strong>Tarifs&nbsp;:<\/strong><\/p>\n                    <p>Du lundi au samedi en visio et en cabinet au 34bis rue de la Mairie, 37520 La Riche (proche Tours, Jou\u00e9-l\u00e8s-Tours, Saint-Cyr-sur-Loire, Saint Pierre-des-Corps).<\/p>\n                    <p><em>Toute s\u00e9ance non annul\u00e9e 24 heures avant est consid\u00e9r\u00e9e comme due.<\/em><\/p>\n                    <p><em>La consultation est&nbsp;non rembours\u00e9e par l\u2019Assurance Maladie. Cependant, certaines mutuelles peuvent vous faire b\u00e9n\u00e9ficier d\u2019une prise en charge jusqu&rsquo;\u00e0 4 rendez-vous par an.<\/em><\/p>\n                  <\/div>\n                <\/div>\n              <\/div>\n            <\/div>\n          <\/div>\n        <\/div>\n      <\/div>\n      <div data-colibri-id=\"135-c9\" class=\"h-row-container gutters-row-lg-2 gutters-row-md-2 gutters-row-0 gutters-row-v-lg-2 gutters-row-v-md-2 gutters-row-v-2 style-388 style-local-135-c9 position-relative\">\n        <!---->\n        <div class=\"h-row justify-content-lg-center justify-content-md-center justify-content-center align-items-lg-stretch align-items-md-stretch align-items-stretch gutters-col-lg-2 gutters-col-md-2 gutters-col-0 gutters-col-v-lg-2 gutters-col-v-md-2 gutters-col-v-2\">\n          <!---->\n          <div class=\"h-column h-column-container d-flex h-col-lg-auto h-col-md-auto h-col-auto style-389-outer style-local-135-c10-outer\">\n            <div data-colibri-id=\"135-c10\" class=\"d-flex h-flex-basis h-column__inner h-px-lg-2 h-px-md-2 h-px-2 v-inner-lg-2 v-inner-md-2 v-inner-2 style-389 style-local-135-c10 position-relative\">\n              <!---->\n              <!---->\n              <div class=\"w-100 h-y-container h-column__content h-column__v-align flex-basis-100 align-self-lg-start align-self-md-start align-self-start\">\n                <!---->\n                <div data-colibri-id=\"135-c11\" class=\"h-text h-text-component style-390 style-local-135-c11 position-relative h-element\">\n                  <!---->\n                  <!---->\n                  <div class=\"\">\n                    <p>70\u20ac individuel<\/p>\n                  <\/div>\n                <\/div>\n              <\/div>\n            <\/div>\n          <\/div>\n          <div class=\"h-column h-column-container d-flex h-col-lg-auto h-col-md-auto h-col-auto style-391-outer style-local-135-c12-outer\">\n            <div data-colibri-id=\"135-c12\" class=\"d-flex h-flex-basis h-column__inner h-px-lg-2 h-px-md-2 h-px-2 v-inner-lg-2 v-inner-md-2 v-inner-2 style-391 style-local-135-c12 position-relative\">\n              <!---->\n              <!---->\n              <div class=\"w-100 h-y-container h-column__content h-column__v-align flex-basis-100 align-self-lg-start align-self-md-start align-self-start\">\n                <!---->\n                <div data-colibri-id=\"135-c13\" class=\"h-text h-text-component style-392 style-local-135-c13 position-relative h-element\">\n                  <!---->\n                  <!---->\n                  <div class=\"\">\n                    <p>90\u20ac couple ou union<\/p>\n                  <\/div>\n                <\/div>\n              <\/div>\n            <\/div>\n          <\/div>\n        <\/div>\n      <\/div>\n      <div data-colibri-id=\"135-c14\" class=\"h-row-container gutters-row-lg-2 gutters-row-md-2 gutters-row-0 gutters-row-v-lg-2 gutters-row-v-md-2 gutters-row-v-2 style-384 style-local-135-c14 position-relative\">\n        <!---->\n        <div class=\"h-row justify-content-lg-center justify-content-md-center justify-content-center align-items-lg-stretch align-items-md-stretch align-items-stretch gutters-col-lg-2 gutters-col-md-2 gutters-col-0 gutters-col-v-lg-2 gutters-col-v-md-2 gutters-col-v-2\">\n          <!---->\n          <div class=\"h-column h-column-container d-flex h-col-lg-auto h-col-md-auto h-col-auto style-385-outer style-local-135-c15-outer\">\n            <div data-colibri-id=\"135-c15\" class=\"d-flex h-flex-basis h-column__inner h-px-lg-2 h-px-md-2 h-px-2 v-inner-lg-2 v-inner-md-2 v-inner-2 style-385 style-local-135-c15 position-relative\">\n              <!---->\n              <!---->\n              <div class=\"w-100 h-y-container h-column__content h-column__v-align flex-basis-100 align-self-lg-start align-self-md-start align-self-start\">\n                <!---->\n                <div data-colibri-id=\"135-c16\" class=\"h-text h-text-component style-386 style-local-135-c16 position-relative h-element\">\n                  <!---->\n                  <!---->\n                  <div class=\"\">\n                    <p>Interventions ext\u00e9rieures&nbsp;: devis sur demande<\/p>\n                    <p>Dur\u00e9e&nbsp;: 50 minutes (1h15 pour la premi\u00e8re s\u00e9ance)<\/p>\n                    <p>Prise de RDV via le site de r\u00e9servation en ligne. <\/p>\n                    <p>Si vous avez des questions, n\u2019h\u00e9sitez pas \u00e0 remplir le formulaire de contact.<\/p>\n                  <\/div>\n                <\/div>\n              <\/div>\n            <\/div>\n          <\/div>\n        <\/div>\n      <\/div>\n    <\/div>\n  <\/div>\n  <div data-colibri-component=\"section\" data-colibri-id=\"135-c17\" id=\"custom-2\" class=\"h-section h-section-global-spacing d-flex align-items-lg-center align-items-md-center align-items-center style-434 style-local-135-c17 position-relative\">\n    <!---->\n    <!---->\n    <div class=\"h-section-grid-container h-section-boxed-container\">\n      <!---->\n      <div data-colibri-id=\"135-c18\" class=\"h-row-container gutters-row-lg-2 gutters-row-md-2 gutters-row-0 gutters-row-v-lg-2 gutters-row-v-md-2 gutters-row-v-2 style-435 style-local-135-c18 position-relative\">\n        <!---->\n        <div class=\"h-row justify-content-lg-center justify-content-md-center justify-content-center align-items-lg-stretch align-items-md-stretch align-items-stretch gutters-col-lg-2 gutters-col-md-2 gutters-col-0 gutters-col-v-lg-2 gutters-col-v-md-2 gutters-col-v-2\">\n          <!---->\n          <div class=\"h-column h-column-container d-flex h-col-lg-auto h-col-md-auto h-col-auto style-436-outer style-local-135-c19-outer\">\n            <div data-colibri-id=\"135-c19\" class=\"d-flex h-flex-basis h-column__inner h-px-lg-2 h-px-md-2 h-px-2 v-inner-lg-2 v-inner-md-2 v-inner-2 style-436 style-local-135-c19 position-relative\">\n              <!---->\n              <!---->\n              <div class=\"w-100 h-y-container h-column__content h-column__v-align flex-basis-100 align-self-lg-start align-self-md-start align-self-start\">\n                <!---->\n                <div data-colibri-id=\"135-c20\" class=\"h-x-container style-437 style-local-135-c20 position-relative h-element\">\n                  <!---->\n                  <div class=\"h-x-container-inner style-dynamic-135-c20-group style-437-spacing style-local-135-c20-spacing\"><span class=\"h-button__outer style-438-outer style-local-135-c21-outer d-inline-flex h-element\"><a h-use-smooth-scroll=\"true\" href=\"https:\/\/www.sexologuesfrance.fr\/sexologue\/duval-arnould\" target=\"_blank\"  data-colibri-id=\"135-c21\" class=\"d-flex w-100 align-items-center h-button justify-content-lg-center justify-content-md-center justify-content-center style-438 style-local-135-c21 position-relative\"><!----><!----> <span>Prendre rendez-vous en ligne<\/span><\/a>\n                    <\/span>\n                  <\/div>\n                <\/div>\n              <\/div>\n            <\/div>\n          <\/div>\n        <\/div>\n      <\/div>\n    <\/div>\n  <\/div>\n<\/div>","protected":false},"excerpt":{"rendered":"<p>Consultations et tarifs Quand consulter ? Vous pouvez choisir de consulter seul(e), en couple ou en union, lorsque vous en ressentez la n\u00e9cessit\u00e9, que ce soit pour des questionnements, des inqui\u00e9tudes sur votre intimit\u00e9 ou votre vie \u00e9rotique ou tout simplement le besoin d\u2019une oreille \u00e0 votre \u00e9coute. Les premi\u00e8res consultations sont plus longues. Elles [&hellip;]<\/p>\n","protected":false},"author":1,"featured_media":0,"parent":0,"menu_order":0,"comment_status":"closed","ping_status":"closed","template":"page-templates\/full-width-page.php","meta":{"footnotes":""},"class_list":["post-135","page","type-page","status-publish","hentry"],"yoast_head":"<!-- This site is optimized with the Yoast SEO plugin v27.4 - https:\/\/yoast.com\/product\/yoast-seo-wordpress\/ -->\n<title>Consultations et tarifs - CDA Sexologue<\/title>\n<meta name=\"robots\" content=\"index, follow, max-snippet:-1, max-image-preview:large, max-video-preview:-1\" \/>\n<link rel=\"canonical\" href=\"https:\/\/cdasexologue.fr\/index.php\/consultations-et-tarifs\/\" \/>\n<meta property=\"og:locale\" content=\"fr_FR\" \/>\n<meta property=\"og:type\" content=\"article\" \/>\n<meta property=\"og:title\" content=\"Consultations et tarifs - CDA Sexologue\" \/>\n<meta property=\"og:description\" content=\"Consultations et tarifs Quand consulter ? Vous pouvez choisir de consulter seul(e), en couple ou en union, lorsque vous en ressentez la n\u00e9cessit\u00e9, que ce soit pour des questionnements, des inqui\u00e9tudes sur votre intimit\u00e9 ou votre vie \u00e9rotique ou tout simplement le besoin d\u2019une oreille \u00e0 votre \u00e9coute. Les premi\u00e8res consultations sont plus longues. Elles [&hellip;]\" \/>\n<meta property=\"og:url\" content=\"https:\/\/cdasexologue.fr\/index.php\/consultations-et-tarifs\/\" \/>\n<meta property=\"og:site_name\" content=\"CDA Sexologue\" \/>\n<meta property=\"article:publisher\" content=\"https:\/\/www.facebook.com\/profile.php?id=61568437553174\" \/>\n<meta property=\"article:modified_time\" content=\"2026-04-07T07:43:49+00:00\" \/>\n<meta name=\"twitter:card\" content=\"summary_large_image\" \/>\n<meta name=\"twitter:label1\" content=\"Dur\u00e9e de lecture estim\u00e9e\" \/>\n\t<meta name=\"twitter:data1\" content=\"3 minutes\" \/>\n<script type=\"application\/ld+json\" class=\"yoast-schema-graph\">{\"@context\":\"https:\\\/\\\/schema.org\",\"@graph\":[{\"@type\":\"WebPage\",\"@id\":\"https:\\\/\\\/cdasexologue.fr\\\/index.php\\\/consultations-et-tarifs\\\/\",\"url\":\"https:\\\/\\\/cdasexologue.fr\\\/index.php\\\/consultations-et-tarifs\\\/\",\"name\":\"Consultations et tarifs - CDA Sexologue\",\"isPartOf\":{\"@id\":\"https:\\\/\\\/cdasexologue.fr\\\/#website\"},\"datePublished\":\"2024-09-04T16:14:02+00:00\",\"dateModified\":\"2026-04-07T07:43:49+00:00\",\"breadcrumb\":{\"@id\":\"https:\\\/\\\/cdasexologue.fr\\\/index.php\\\/consultations-et-tarifs\\\/#breadcrumb\"},\"inLanguage\":\"fr-FR\",\"potentialAction\":[{\"@type\":\"ReadAction\",\"target\":[\"https:\\\/\\\/cdasexologue.fr\\\/index.php\\\/consultations-et-tarifs\\\/\"]}]},{\"@type\":\"BreadcrumbList\",\"@id\":\"https:\\\/\\\/cdasexologue.fr\\\/index.php\\\/consultations-et-tarifs\\\/#breadcrumb\",\"itemListElement\":[{\"@type\":\"ListItem\",\"position\":1,\"name\":\"Accueil\",\"item\":\"https:\\\/\\\/cdasexologue.fr\\\/\"},{\"@type\":\"ListItem\",\"position\":2,\"name\":\"Consultations et tarifs\"}]},{\"@type\":\"WebSite\",\"@id\":\"https:\\\/\\\/cdasexologue.fr\\\/#website\",\"url\":\"https:\\\/\\\/cdasexologue.fr\\\/\",\"name\":\"CDA Sexologue\",\"description\":\"Sexologue sur Tours et La Riche\",\"publisher\":{\"@id\":\"https:\\\/\\\/cdasexologue.fr\\\/#organization\"},\"potentialAction\":[{\"@type\":\"SearchAction\",\"target\":{\"@type\":\"EntryPoint\",\"urlTemplate\":\"https:\\\/\\\/cdasexologue.fr\\\/?s={search_term_string}\"},\"query-input\":{\"@type\":\"PropertyValueSpecification\",\"valueRequired\":true,\"valueName\":\"search_term_string\"}}],\"inLanguage\":\"fr-FR\"},{\"@type\":\"Organization\",\"@id\":\"https:\\\/\\\/cdasexologue.fr\\\/#organization\",\"name\":\"CDA Sexologue\",\"url\":\"https:\\\/\\\/cdasexologue.fr\\\/\",\"logo\":{\"@type\":\"ImageObject\",\"inLanguage\":\"fr-FR\",\"@id\":\"https:\\\/\\\/cdasexologue.fr\\\/#\\\/schema\\\/logo\\\/image\\\/\",\"url\":\"https:\\\/\\\/cdasexologue.fr\\\/wp-content\\\/uploads\\\/2024\\\/11\\\/cropped-20241110_173019_0000-removebg-preview.png\",\"contentUrl\":\"https:\\\/\\\/cdasexologue.fr\\\/wp-content\\\/uploads\\\/2024\\\/11\\\/cropped-20241110_173019_0000-removebg-preview.png\",\"width\":512,\"height\":512,\"caption\":\"CDA Sexologue\"},\"image\":{\"@id\":\"https:\\\/\\\/cdasexologue.fr\\\/#\\\/schema\\\/logo\\\/image\\\/\"},\"sameAs\":[\"https:\\\/\\\/www.facebook.com\\\/profile.php?id=61568437553174\",\"https:\\\/\\\/www.instagram.com\\\/cdasexologue\\\/\"]}]}<\/script>\n<!-- \/ Yoast SEO plugin. -->","yoast_head_json":{"title":"Consultations et tarifs - CDA Sexologue","robots":{"index":"index","follow":"follow","max-snippet":"max-snippet:-1","max-image-preview":"max-image-preview:large","max-video-preview":"max-video-preview:-1"},"canonical":"https:\/\/cdasexologue.fr\/index.php\/consultations-et-tarifs\/","og_locale":"fr_FR","og_type":"article","og_title":"Consultations et tarifs - CDA Sexologue","og_description":"Consultations et tarifs Quand consulter ? Vous pouvez choisir de consulter seul(e), en couple ou en union, lorsque vous en ressentez la n\u00e9cessit\u00e9, que ce soit pour des questionnements, des inqui\u00e9tudes sur votre intimit\u00e9 ou votre vie \u00e9rotique ou tout simplement le besoin d\u2019une oreille \u00e0 votre \u00e9coute. Les premi\u00e8res consultations sont plus longues. Elles [&hellip;]","og_url":"https:\/\/cdasexologue.fr\/index.php\/consultations-et-tarifs\/","og_site_name":"CDA Sexologue","article_publisher":"https:\/\/www.facebook.com\/profile.php?id=61568437553174","article_modified_time":"2026-04-07T07:43:49+00:00","twitter_card":"summary_large_image","twitter_misc":{"Dur\u00e9e de lecture estim\u00e9e":"3 minutes"},"schema":{"@context":"https:\/\/schema.org","@graph":[{"@type":"WebPage","@id":"https:\/\/cdasexologue.fr\/index.php\/consultations-et-tarifs\/","url":"https:\/\/cdasexologue.fr\/index.php\/consultations-et-tarifs\/","name":"Consultations et tarifs - CDA Sexologue","isPartOf":{"@id":"https:\/\/cdasexologue.fr\/#website"},"datePublished":"2024-09-04T16:14:02+00:00","dateModified":"2026-04-07T07:43:49+00:00","breadcrumb":{"@id":"https:\/\/cdasexologue.fr\/index.php\/consultations-et-tarifs\/#breadcrumb"},"inLanguage":"fr-FR","potentialAction":[{"@type":"ReadAction","target":["https:\/\/cdasexologue.fr\/index.php\/consultations-et-tarifs\/"]}]},{"@type":"BreadcrumbList","@id":"https:\/\/cdasexologue.fr\/index.php\/consultations-et-tarifs\/#breadcrumb","itemListElement":[{"@type":"ListItem","position":1,"name":"Accueil","item":"https:\/\/cdasexologue.fr\/"},{"@type":"ListItem","position":2,"name":"Consultations et tarifs"}]},{"@type":"WebSite","@id":"https:\/\/cdasexologue.fr\/#website","url":"https:\/\/cdasexologue.fr\/","name":"CDA Sexologue","description":"Sexologue sur Tours et La Riche","publisher":{"@id":"https:\/\/cdasexologue.fr\/#organization"},"potentialAction":[{"@type":"SearchAction","target":{"@type":"EntryPoint","urlTemplate":"https:\/\/cdasexologue.fr\/?s={search_term_string}"},"query-input":{"@type":"PropertyValueSpecification","valueRequired":true,"valueName":"search_term_string"}}],"inLanguage":"fr-FR"},{"@type":"Organization","@id":"https:\/\/cdasexologue.fr\/#organization","name":"CDA Sexologue","url":"https:\/\/cdasexologue.fr\/","logo":{"@type":"ImageObject","inLanguage":"fr-FR","@id":"https:\/\/cdasexologue.fr\/#\/schema\/logo\/image\/","url":"https:\/\/cdasexologue.fr\/wp-content\/uploads\/2024\/11\/cropped-20241110_173019_0000-removebg-preview.png","contentUrl":"https:\/\/cdasexologue.fr\/wp-content\/uploads\/2024\/11\/cropped-20241110_173019_0000-removebg-preview.png","width":512,"height":512,"caption":"CDA Sexologue"},"image":{"@id":"https:\/\/cdasexologue.fr\/#\/schema\/logo\/image\/"},"sameAs":["https:\/\/www.facebook.com\/profile.php?id=61568437553174","https:\/\/www.instagram.com\/cdasexologue\/"]}]}},"_links":{"self":[{"href":"https:\/\/cdasexologue.fr\/index.php\/wp-json\/wp\/v2\/pages\/135","targetHints":{"allow":["GET"]}}],"collection":[{"href":"https:\/\/cdasexologue.fr\/index.php\/wp-json\/wp\/v2\/pages"}],"about":[{"href":"https:\/\/cdasexologue.fr\/index.php\/wp-json\/wp\/v2\/types\/page"}],"author":[{"embeddable":true,"href":"https:\/\/cdasexologue.fr\/index.php\/wp-json\/wp\/v2\/users\/1"}],"replies":[{"embeddable":true,"href":"https:\/\/cdasexologue.fr\/index.php\/wp-json\/wp\/v2\/comments?post=135"}],"version-history":[{"count":17,"href":"https:\/\/cdasexologue.fr\/index.php\/wp-json\/wp\/v2\/pages\/135\/revisions"}],"predecessor-version":[{"id":712,"href":"https:\/\/cdasexologue.fr\/index.php\/wp-json\/wp\/v2\/pages\/135\/revisions\/712"}],"wp:attachment":[{"href":"https:\/\/cdasexologue.fr\/index.php\/wp-json\/wp\/v2\/media?parent=135"}],"curies":[{"name":"wp","href":"https:\/\/api.w.org\/{rel}","templated":true}]}}